{"id":53,"date":"2024-03-05T07:11:09","date_gmt":"2024-03-05T07:11:09","guid":{"rendered":"https:\/\/jan-schiebl.com\/?page_id=53"},"modified":"2024-07-24T14:39:49","modified_gmt":"2024-07-24T14:39:49","slug":"kommende-events","status":"publish","type":"page","link":"https:\/\/jan-schiebl.com\/","title":{"rendered":"\u00dcber mich"},"content":{"rendered":"\n<h2 class=\"wp-block-heading has-text-color has-link-color wp-elements-b33d63ba3c1b92560cdfc45275f1eb5a\" style=\"color:#689cd0\">Ich bin <strong><a href=\"https:\/\/www.google.de\/search?sca_esv=251b1afa33144db8&#038;q=jan+schiebl+triathlon&#038;tbm=isch&#038;source=lnms&#038;sa=X&#038;ved=2ahUKEwjykZvn7f-EAxX7-gIHHTnOCwgQ0pQJegQIChAB&#038;biw=1872&#038;bih=966&#038;dpr=1#imgrc=kfIof5wxAKwkEM\">Jan Schiebl<\/a><\/strong>, Profitriathlet. <\/h2>\n\n\n\n<p>Ich brenne f\u00fcr meine Sportart Triathlon und lebe meinen Traum. F\u00fcr mich gibt es nichts Sch\u00f6neres als Schwimmen, Radfahren und Laufen und darin erfolgreich zu sein, erf\u00fcllt mich. Ich steche gerne heraus, weswegen mein Wettkampfanzug diese auffallende Farbkombination aufweist. Mit dieser Website kann man bei meinem Weg an die Spitze immer informiert bleiben. Regelm\u00e4\u00dfige Updates von Erfolgen, Links zu Artikel und meinen Social-Media-Kan\u00e4len k\u00f6nnen hier aufgerufen werden.<\/p>\n\n\n\n<figure class=\"wp-block-embed is-type-video is-provider-youtube wp-block-embed-youtube wp-embed-aspect-16-9 wp-has-aspect-ratio\"><div class=\"wp-block-embed__wrapper\">\n<iframe loading=\"lazy\" title=\"MAS Sportswear Jan Schiebl\" width=\"525\" height=\"295\" src=\"https:\/\/www.youtube.com\/embed\/fOYZXx74QKM?feature=oembed\" frameborder=\"0\" allow=\"accelerometer; autoplay; clipboard-write; encrypted-media; gyroscope; picture-in-picture; web-share\" referrerpolicy=\"strict-origin-when-cross-origin\" allowfullscreen><\/iframe>\n<\/div><\/figure>\n\n\n\n<p>Wenn Du mit mir in Kontakt treten willst, dann kannst Du gerne das <a href=\"https:\/\/jan-schiebl.com\/index.php\/kontakt\/\" data-type=\"page\" data-id=\"203\">Kontaktformular<\/a> verwenden.<\/p>\n\n\n\n<div class=\"alignnormal\"><div id=\"metaslider-id-152\" style=\"width: 100%;\" class=\"ml-slider-3-108-0 metaslider metaslider-flex metaslider-152 ml-slider ms-theme-default nav-hidden\" role=\"region\" aria-label=\"Diashow\" data-height=\"300\" data-width=\"700\">\n    <div id=\"metaslider_container_152\">\n        <div id=\"metaslider_152\">\n            <ul class='slides'>\n                <li style=\"display: block; width: 100%;\" class=\"slide-159 ms-image \" aria-roledescription=\"slide\" data-date=\"2024-03-08 09:07:20\" data-filename=\"DSC09179-2-1-scaled-700x300.jpg\" data-slide-type=\"image\"><img loading=\"lazy\" decoding=\"async\" src=\"https:\/\/jan-schiebl.com\/wp-content\/uploads\/2024\/03\/DSC09179-2-1-scaled-700x300.jpg\" height=\"300\" width=\"700\" alt=\"\" class=\"slider-152 slide-159 msDefaultImage\" title=\"DSC09179-2-1\" \/><\/li>\n                <li style=\"display: none; width: 100%;\" class=\"slide-161 ms-image \" aria-roledescription=\"slide\" data-date=\"2024-03-08 09:07:20\" data-filename=\"10281_20230714_154801_300608154_original-2-scaled-700x300.jpg\" data-slide-type=\"image\"><img loading=\"lazy\" decoding=\"async\" src=\"https:\/\/jan-schiebl.com\/wp-content\/uploads\/2024\/03\/10281_20230714_154801_300608154_original-2-scaled-700x300.jpg\" height=\"300\" width=\"700\" alt=\"\" class=\"slider-152 slide-161 msDefaultImage\" title=\"10281_20230714_154801_300608154_original-2\" \/><\/li>\n                <li style=\"display: none; width: 100%;\" class=\"slide-162 ms-image \" aria-roledescription=\"slide\" data-date=\"2024-03-08 09:07:20\" data-filename=\"10281_20230714_150942_300576115_original-1-scaled-700x300.jpg\" data-slide-type=\"image\"><img loading=\"lazy\" decoding=\"async\" src=\"https:\/\/jan-schiebl.com\/wp-content\/uploads\/2024\/03\/10281_20230714_150942_300576115_original-1-scaled-700x300.jpg\" height=\"300\" width=\"700\" alt=\"\" class=\"slider-152 slide-162 msDefaultImage\" title=\"10281_20230714_150942_300576115_original-1\" \/><\/li>\n                <li style=\"display: none; width: 100%;\" class=\"slide-171 ms-image \" aria-roledescription=\"slide\" data-date=\"2024-03-08 09:07:21\" data-filename=\"10281_20230714_153426_300596974_original-scaled-700x300.jpg\" data-slide-type=\"image\"><img loading=\"lazy\" decoding=\"async\" src=\"https:\/\/jan-schiebl.com\/wp-content\/uploads\/2024\/03\/10281_20230714_153426_300596974_original-scaled-700x300.jpg\" height=\"300\" width=\"700\" alt=\"\" class=\"slider-152 slide-171 msDefaultImage\" title=\"10281_20230714_153426_300596974_original\" \/><\/li>\n                <li style=\"display: none; width: 100%;\" class=\"slide-173 ms-image \" aria-roledescription=\"slide\" data-date=\"2024-03-08 09:07:21\" data-filename=\"cropped-A1S4110-scaled-1-700x300.jpg\" data-slide-type=\"image\"><img loading=\"lazy\" decoding=\"async\" src=\"https:\/\/jan-schiebl.com\/wp-content\/uploads\/2024\/03\/cropped-A1S4110-scaled-1-700x300.jpg\" height=\"300\" width=\"700\" alt=\"\" class=\"slider-152 slide-173 msDefaultImage\" title=\"cropped-A1S4110-scaled-1.jpg\" \/><\/li>\n                <li style=\"display: none; width: 100%;\" class=\"slide-192 ms-image \" aria-roledescription=\"slide\" data-date=\"2024-03-08 09:22:46\" data-filename=\"martinbihounek_230910_ACH_1725_MartinBihounek-martinbihounek.com_M-max.-1600px-_379f3511_-700x300.jpg\" data-slide-type=\"image\"><img loading=\"lazy\" decoding=\"async\" src=\"https:\/\/jan-schiebl.com\/wp-content\/uploads\/2024\/03\/martinbihounek_230910_ACH_1725_MartinBihounek-martinbihounek.com_M-max.-1600px-_379f3511_-700x300.jpg\" height=\"300\" width=\"700\" alt=\"\" class=\"slider-152 slide-192 msDefaultImage\" title=\"10. September 2023: Achtelman  by Fotograf: Martin Bihounek \/ martinbihounek.com\" \/><\/li>\n                <li style=\"display: none; width: 100%;\" class=\"slide-193 ms-image \" aria-roledescription=\"slide\" data-date=\"2024-03-08 09:22:52\" data-filename=\"10281_20230714_154756_300608103_original-1-scaled-700x300.jpg\" data-slide-type=\"image\"><img loading=\"lazy\" decoding=\"async\" src=\"https:\/\/jan-schiebl.com\/wp-content\/uploads\/2024\/03\/10281_20230714_154756_300608103_original-1-scaled-700x300.jpg\" height=\"300\" width=\"700\" alt=\"\" class=\"slider-152 slide-193 msDefaultImage\" title=\"10281_20230714_154756_300608103_original\" \/><\/li>\n                <li style=\"display: none; width: 100%;\" class=\"slide-194 ms-image \" aria-roledescription=\"slide\" data-date=\"2024-03-08 09:23:00\" data-filename=\"DSC6192-scaled-700x300.jpg\" data-slide-type=\"image\"><img loading=\"lazy\" decoding=\"async\" src=\"https:\/\/jan-schiebl.com\/wp-content\/uploads\/2024\/03\/DSC6192-scaled-700x300.jpg\" height=\"300\" width=\"700\" alt=\"\" class=\"slider-152 slide-194 msDefaultImage\" title=\"_DSC6192\" \/><\/li>\n                <li style=\"display: none; width: 100%;\" class=\"slide-195 ms-image \" aria-roledescription=\"slide\" data-date=\"2024-03-08 09:23:06\" data-filename=\"y4mu45voXAvM9AA9-dtaKaTD0DOeXD6Ni672hvKKOStb745r-s9c9OZxhoTU7_-bQAmHQnNiYPdUWucPA7DG7YiHxf6UvDpUbh6fEOvRpXwB8gLCyRT2F5SQbv41-pVasUIu2g2vL18BFKSdf5qW5JIN6JDUnyl-6lGHIyVsew0rjR_VnhBnCO2mzl83qJNE2N-B-700x300.jpg\" data-slide-type=\"image\"><img loading=\"lazy\" decoding=\"async\" src=\"https:\/\/jan-schiebl.com\/wp-content\/uploads\/2024\/03\/y4mu45voXAvM9AA9-dtaKaTD0DOeXD6Ni672hvKKOStb745r-s9c9OZxhoTU7_-bQAmHQnNiYPdUWucPA7DG7YiHxf6UvDpUbh6fEOvRpXwB8gLCyRT2F5SQbv41-pVasUIu2g2vL18BFKSdf5qW5JIN6JDUnyl-6lGHIyVsew0rjR_VnhBnCO2mzl83qJNE2N-B-700x300.jpg\" height=\"300\" width=\"700\" alt=\"\" class=\"slider-152 slide-195 msDefaultImage\" title=\"y4mu45voXAvM9AA9-dtaKaTD0DOeXD6Ni672hvKKOStb745r-s9c9OZxhoTU7_-bQAmHQnNiYPdUWucPA7DG7YiHxf6UvDpUbh6fEOvRpXwB8gLCyRT2F5SQbv41-pVasUIu2g2vL18BFKSdf5qW5JIN6JDUnyl-6lGHIyVsew0rjR_VnhBnCO2mzl83qJNE2N-B\" \/><\/li>\n            <\/ul>\n        <\/div>\n        \n    <\/div>\n<\/div><\/div>\n\n\n\n<h2 class=\"wp-block-heading has-text-color has-link-color wp-elements-378edc0594e5d850ccfe47d8ec865339\" style=\"color:#689cd0\">Viel Spa\u00df auf meiner Seite!&nbsp;<\/h2>\n","protected":false},"excerpt":{"rendered":"<p>Ich bin Jan Schiebl, Profitriathlet. Ich brenne f\u00fcr meine Sportart Triathlon und lebe meinen Traum. F\u00fcr mich gibt es nichts Sch\u00f6neres als Schwimmen, Radfahren und Laufen und darin erfolgreich zu sein, erf\u00fcllt mich. Ich steche gerne heraus, weswegen mein Wettkampfanzug diese auffallende Farbkombination aufweist. Mit dieser Website kann man bei meinem Weg an die Spitze &hellip; <\/p>\n<p class=\"link-more\"><a href=\"https:\/\/jan-schiebl.com\/\" class=\"more-link\"><span class=\"screen-reader-text\">\u201e\u00dcber mich\u201c <\/span>weiterlesen<\/a><\/p>\n","protected":false},"author":1,"featured_media":0,"parent":0,"menu_order":0,"comment_status":"closed","ping_status":"closed","template":"","meta":{"footnotes":""},"class_list":["post-53","page","type-page","status-publish","hentry"],"_links":{"self":[{"href":"https:\/\/jan-schiebl.com\/index.php\/wp-json\/wp\/v2\/pages\/53","targetHints":{"allow":["GET"]}}],"collection":[{"href":"https:\/\/jan-schiebl.com\/index.php\/wp-json\/wp\/v2\/pages"}],"about":[{"href":"https:\/\/jan-schiebl.com\/index.php\/wp-json\/wp\/v2\/types\/page"}],"author":[{"embeddable":true,"href":"https:\/\/jan-schiebl.com\/index.php\/wp-json\/wp\/v2\/users\/1"}],"replies":[{"embeddable":true,"href":"https:\/\/jan-schiebl.com\/index.php\/wp-json\/wp\/v2\/comments?post=53"}],"version-history":[{"count":31,"href":"https:\/\/jan-schiebl.com\/index.php\/wp-json\/wp\/v2\/pages\/53\/revisions"}],"predecessor-version":[{"id":887,"href":"https:\/\/jan-schiebl.com\/index.php\/wp-json\/wp\/v2\/pages\/53\/revisions\/887"}],"wp:attachment":[{"href":"https:\/\/jan-schiebl.com\/index.php\/wp-json\/wp\/v2\/media?parent=53"}],"curies":[{"name":"wp","href":"https:\/\/api.w.org\/{rel}","templated":true}]}}